{"id":6063,"date":"2023-01-05T10:39:19","date_gmt":"2023-01-05T10:39:19","guid":{"rendered":"https:\/\/purewater.pt\/my-account\/"},"modified":"2025-01-30T17:19:41","modified_gmt":"2025-01-30T17:19:41","slug":"my-account","status":"publish","type":"page","link":"https:\/\/purewater.pt\/en\/my-account\/","title":{"rendered":"My Account"},"content":{"rendered":"\t\t<div data-elementor-type=\"wp-page\" data-elementor-id=\"6063\" class=\"elementor elementor-6063 elementor-1117\" data-elementor-post-type=\"page\">\n\t\t\t\t<div class=\"elementor-element elementor-element-45e6229 e-flex e-con-boxed e-con e-parent\" data-id=\"45e6229\" data-element_type=\"container\" data-e-type=\"container\" data-settings=\"{&quot;background_background&quot;:&quot;classic&quot;,&quot;jet_parallax_layout_list&quot;:[]}\">\n\t\t\t\t\t<div class=\"e-con-inner\">\n\t\t\t\t<div class=\"elementor-element elementor-element-c0c85df elementor-invisible elementor-widget elementor-widget-heading\" data-id=\"c0c85df\" data-element_type=\"widget\" data-e-type=\"widget\" data-settings=\"{&quot;_animation&quot;:&quot;fadeInUp&quot;}\" data-widget_type=\"heading.default\">\n\t\t\t\t\t<h2 class=\"elementor-heading-title elementor-size-default\">My Account<\/h2>\t\t\t\t<\/div>\n\t\t\t\t\t<\/div>\n\t\t\t\t<\/div>\n\t\t<div class=\"elementor-element elementor-element-51e418b e-flex e-con-boxed e-con e-parent\" data-id=\"51e418b\" data-element_type=\"container\" data-e-type=\"container\" data-settings=\"{&quot;jet_parallax_layout_list&quot;:[]}\">\n\t\t\t\t\t<div class=\"e-con-inner\">\n\t\t\t\t<div class=\"elementor-element elementor-element-4fea089 e-my-account-tabs-vertical elementor-widget elementor-widget-woocommerce-my-account\" data-id=\"4fea089\" data-element_type=\"widget\" data-e-type=\"widget\" data-widget_type=\"woocommerce-my-account.default\">\n\t\t\t\t\t<div class=\"e-my-account-tab e-my-account-tab__ \">\t\t\t<div class=\"woocommerce\"><div class=\"woocommerce-notices-wrapper\"><\/div>\n\n\t\t<h2>Login<\/h2>\n\n\t\t<form class=\"woocommerce-form woocommerce-form-login login\" method=\"post\" novalidate>\n\n\t\t\t\n\t\t\t<p class=\"woocommerce-form-row woocommerce-form-row--wide form-row form-row-wide\">\n\t\t\t\t<label for=\"username\">Username or email address&nbsp;<span class=\"required\" aria-hidden=\"true\">*<\/span><span class=\"screen-reader-text\">Required<\/span><\/label>\n\t\t\t\t<input type=\"text\" class=\"woocommerce-Input woocommerce-Input--text input-text\" name=\"username\" id=\"username\" autocomplete=\"username\" value=\"\" required aria-required=\"true\" \/>\t\t\t<\/p>\n\t\t\t<p class=\"woocommerce-form-row woocommerce-form-row--wide form-row form-row-wide\">\n\t\t\t\t<label for=\"password\">Password&nbsp;<span class=\"required\" aria-hidden=\"true\">*<\/span><span class=\"screen-reader-text\">Required<\/span><\/label>\n\t\t\t\t<input class=\"woocommerce-Input woocommerce-Input--text input-text\" type=\"password\" name=\"password\" id=\"password\" autocomplete=\"current-password\" required aria-required=\"true\" \/>\n\t\t\t<\/p>\n\n\t\t\t\n\t\t\t<p class=\"form-row\">\n\t\t\t\t<label class=\"woocommerce-form__label woocommerce-form__label-for-checkbox woocommerce-form-login__rememberme\">\n\t\t\t\t\t<input class=\"woocommerce-form__input woocommerce-form__input-checkbox\" name=\"rememberme\" type=\"checkbox\" id=\"rememberme\" value=\"forever\" \/> <span>Remember me<\/span>\n\t\t\t\t<\/label>\n\t\t\t\t<input type=\"hidden\" id=\"woocommerce-login-nonce\" name=\"woocommerce-login-nonce\" value=\"bc8021f720\" \/><input type=\"hidden\" name=\"_wp_http_referer\" value=\"\/en\/wp-json\/wp\/v2\/pages\/6063\" \/>\t\t\t\t<button type=\"submit\" class=\"woocommerce-button button woocommerce-form-login__submit\" name=\"login\" value=\"Log in\">Log in<\/button>\n\t\t\t<\/p>\n\t\t\t<p class=\"woocommerce-LostPassword lost_password\">\n\t\t\t\t<a href=\"https:\/\/purewater.pt\/en\/my-account\/lost-password\/\">Lost your password?<\/a>\n\t\t\t<\/p>\n\n\t\t\t\n\t\t<\/form>\n\n\n<\/div>\t\t<\/div>\n\t\t\t\t\t\t<\/div>\n\t\t\t\t\t<\/div>\n\t\t\t\t<\/div>\n\t\t\t\t<\/div>\n\t\t","protected":false},"excerpt":{"rendered":"<p>Home Encomendas Moradas Detalhes da conta Terminar sess\u00e3o Ol\u00e1 mgdigital (n\u00e3o \u00e9 mgdigital? Sair) No painel da sua conta pode ver as encomendas mais recentes, gerir as moradas de envio e de factura\u00e7\u00e3o e editar os detalhes e a senha da conta.<\/p>\n","protected":false},"author":1,"featured_media":6064,"parent":0,"menu_order":0,"comment_status":"closed","ping_status":"closed","template":"","meta":{"_acf_changed":false,"footnotes":""},"class_list":["post-6063","page","type-page","status-publish","has-post-thumbnail","hentry"],"acf":[],"yoast_head":"<!-- This site is optimized with the Yoast SEO plugin v27.6 - https:\/\/yoast.com\/product\/yoast-seo-wordpress\/ -->\n<title>My Account - PureWater<\/title>\n<meta name=\"robots\" content=\"noindex, nofollow\" \/>\n<meta property=\"og:locale\" content=\"en_US\" \/>\n<meta property=\"og:type\" content=\"article\" \/>\n<meta property=\"og:title\" content=\"My Account - PureWater\" \/>\n<meta property=\"og:description\" content=\"Home Encomendas Moradas Detalhes da conta Terminar sess\u00e3o Ol\u00e1 mgdigital (n\u00e3o \u00e9 mgdigital? Sair) No painel da sua conta pode ver as encomendas mais recentes, gerir as moradas de envio e de factura\u00e7\u00e3o e editar os detalhes e a senha da conta.\" \/>\n<meta property=\"og:url\" content=\"https:\/\/purewater.pt\/en\/my-account\/\" \/>\n<meta property=\"og:site_name\" content=\"PureWater\" \/>\n<meta property=\"article:publisher\" content=\"https:\/\/www.facebook.com\/purewaterportugal\/\" \/>\n<meta property=\"article:modified_time\" content=\"2025-01-30T17:19:41+00:00\" \/>\n<meta property=\"og:image\" content=\"https:\/\/purewater.pt\/wp-content\/uploads\/2023\/05\/Design-sem-nome-53-1024x576.png\" \/>\n\t<meta property=\"og:image:width\" content=\"1024\" \/>\n\t<meta property=\"og:image:height\" content=\"576\" \/>\n\t<meta property=\"og:image:type\" content=\"image\/png\" \/>\n<meta name=\"twitter:card\" content=\"summary_large_image\" \/>\n<script type=\"application\/ld+json\" class=\"yoast-schema-graph\">{\"@context\":\"https:\\\/\\\/schema.org\",\"@graph\":[{\"@type\":\"WebPage\",\"@id\":\"https:\\\/\\\/purewater.pt\\\/en\\\/my-account\\\/\",\"url\":\"https:\\\/\\\/purewater.pt\\\/en\\\/my-account\\\/\",\"name\":\"My Account - PureWater\",\"isPartOf\":{\"@id\":\"https:\\\/\\\/purewater.pt\\\/en\\\/#website\"},\"primaryImageOfPage\":{\"@id\":\"https:\\\/\\\/purewater.pt\\\/en\\\/my-account\\\/#primaryimage\"},\"image\":{\"@id\":\"https:\\\/\\\/purewater.pt\\\/en\\\/my-account\\\/#primaryimage\"},\"thumbnailUrl\":\"https:\\\/\\\/purewater.pt\\\/wp-content\\\/uploads\\\/2023\\\/05\\\/Design-sem-nome-53.png\",\"datePublished\":\"2023-01-05T10:39:19+00:00\",\"dateModified\":\"2025-01-30T17:19:41+00:00\",\"breadcrumb\":{\"@id\":\"https:\\\/\\\/purewater.pt\\\/en\\\/my-account\\\/#breadcrumb\"},\"inLanguage\":\"en-US\",\"potentialAction\":[{\"@type\":\"ReadAction\",\"target\":[\"https:\\\/\\\/purewater.pt\\\/en\\\/my-account\\\/\"]}]},{\"@type\":\"ImageObject\",\"inLanguage\":\"en-US\",\"@id\":\"https:\\\/\\\/purewater.pt\\\/en\\\/my-account\\\/#primaryimage\",\"url\":\"https:\\\/\\\/purewater.pt\\\/wp-content\\\/uploads\\\/2023\\\/05\\\/Design-sem-nome-53.png\",\"contentUrl\":\"https:\\\/\\\/purewater.pt\\\/wp-content\\\/uploads\\\/2023\\\/05\\\/Design-sem-nome-53.png\",\"width\":1920,\"height\":1080},{\"@type\":\"BreadcrumbList\",\"@id\":\"https:\\\/\\\/purewater.pt\\\/en\\\/my-account\\\/#breadcrumb\",\"itemListElement\":[{\"@type\":\"ListItem\",\"position\":1,\"name\":\"Home\",\"item\":\"https:\\\/\\\/purewater.pt\\\/en\\\/\"},{\"@type\":\"ListItem\",\"position\":2,\"name\":\"My Account\"}]},{\"@type\":\"WebSite\",\"@id\":\"https:\\\/\\\/purewater.pt\\\/en\\\/#website\",\"url\":\"https:\\\/\\\/purewater.pt\\\/en\\\/\",\"name\":\"PureWater\",\"description\":\"\",\"publisher\":{\"@id\":\"https:\\\/\\\/purewater.pt\\\/en\\\/#organization\"},\"potentialAction\":[{\"@type\":\"SearchAction\",\"target\":{\"@type\":\"EntryPoint\",\"urlTemplate\":\"https:\\\/\\\/purewater.pt\\\/en\\\/?s={search_term_string}\"},\"query-input\":{\"@type\":\"PropertyValueSpecification\",\"valueRequired\":true,\"valueName\":\"search_term_string\"}}],\"inLanguage\":\"en-US\"},{\"@type\":\"Organization\",\"@id\":\"https:\\\/\\\/purewater.pt\\\/en\\\/#organization\",\"name\":\"PureWater\",\"url\":\"https:\\\/\\\/purewater.pt\\\/en\\\/\",\"logo\":{\"@type\":\"ImageObject\",\"inLanguage\":\"en-US\",\"@id\":\"https:\\\/\\\/purewater.pt\\\/en\\\/#\\\/schema\\\/logo\\\/image\\\/\",\"url\":\"https:\\\/\\\/purewater.pt\\\/wp-content\\\/uploads\\\/2022\\\/12\\\/logo-color.png\",\"contentUrl\":\"https:\\\/\\\/purewater.pt\\\/wp-content\\\/uploads\\\/2022\\\/12\\\/logo-color.png\",\"width\":1000,\"height\":483,\"caption\":\"PureWater\"},\"image\":{\"@id\":\"https:\\\/\\\/purewater.pt\\\/en\\\/#\\\/schema\\\/logo\\\/image\\\/\"},\"sameAs\":[\"https:\\\/\\\/www.facebook.com\\\/purewaterportugal\\\/\",\"https:\\\/\\\/www.instagram.com\\\/purewater.pt\\\/\"]}]}<\/script>\n<!-- \/ Yoast SEO plugin. -->","yoast_head_json":{"title":"My Account - PureWater","robots":{"index":"noindex","follow":"nofollow"},"og_locale":"en_US","og_type":"article","og_title":"My Account - PureWater","og_description":"Home Encomendas Moradas Detalhes da conta Terminar sess\u00e3o Ol\u00e1 mgdigital (n\u00e3o \u00e9 mgdigital? Sair) No painel da sua conta pode ver as encomendas mais recentes, gerir as moradas de envio e de factura\u00e7\u00e3o e editar os detalhes e a senha da conta.","og_url":"https:\/\/purewater.pt\/en\/my-account\/","og_site_name":"PureWater","article_publisher":"https:\/\/www.facebook.com\/purewaterportugal\/","article_modified_time":"2025-01-30T17:19:41+00:00","og_image":[{"width":1024,"height":576,"url":"https:\/\/purewater.pt\/wp-content\/uploads\/2023\/05\/Design-sem-nome-53-1024x576.png","type":"image\/png"}],"twitter_card":"summary_large_image","schema":{"@context":"https:\/\/schema.org","@graph":[{"@type":"WebPage","@id":"https:\/\/purewater.pt\/en\/my-account\/","url":"https:\/\/purewater.pt\/en\/my-account\/","name":"My Account - PureWater","isPartOf":{"@id":"https:\/\/purewater.pt\/en\/#website"},"primaryImageOfPage":{"@id":"https:\/\/purewater.pt\/en\/my-account\/#primaryimage"},"image":{"@id":"https:\/\/purewater.pt\/en\/my-account\/#primaryimage"},"thumbnailUrl":"https:\/\/purewater.pt\/wp-content\/uploads\/2023\/05\/Design-sem-nome-53.png","datePublished":"2023-01-05T10:39:19+00:00","dateModified":"2025-01-30T17:19:41+00:00","breadcrumb":{"@id":"https:\/\/purewater.pt\/en\/my-account\/#breadcrumb"},"inLanguage":"en-US","potentialAction":[{"@type":"ReadAction","target":["https:\/\/purewater.pt\/en\/my-account\/"]}]},{"@type":"ImageObject","inLanguage":"en-US","@id":"https:\/\/purewater.pt\/en\/my-account\/#primaryimage","url":"https:\/\/purewater.pt\/wp-content\/uploads\/2023\/05\/Design-sem-nome-53.png","contentUrl":"https:\/\/purewater.pt\/wp-content\/uploads\/2023\/05\/Design-sem-nome-53.png","width":1920,"height":1080},{"@type":"BreadcrumbList","@id":"https:\/\/purewater.pt\/en\/my-account\/#breadcrumb","itemListElement":[{"@type":"ListItem","position":1,"name":"Home","item":"https:\/\/purewater.pt\/en\/"},{"@type":"ListItem","position":2,"name":"My Account"}]},{"@type":"WebSite","@id":"https:\/\/purewater.pt\/en\/#website","url":"https:\/\/purewater.pt\/en\/","name":"PureWater","description":"","publisher":{"@id":"https:\/\/purewater.pt\/en\/#organization"},"potentialAction":[{"@type":"SearchAction","target":{"@type":"EntryPoint","urlTemplate":"https:\/\/purewater.pt\/en\/?s={search_term_string}"},"query-input":{"@type":"PropertyValueSpecification","valueRequired":true,"valueName":"search_term_string"}}],"inLanguage":"en-US"},{"@type":"Organization","@id":"https:\/\/purewater.pt\/en\/#organization","name":"PureWater","url":"https:\/\/purewater.pt\/en\/","logo":{"@type":"ImageObject","inLanguage":"en-US","@id":"https:\/\/purewater.pt\/en\/#\/schema\/logo\/image\/","url":"https:\/\/purewater.pt\/wp-content\/uploads\/2022\/12\/logo-color.png","contentUrl":"https:\/\/purewater.pt\/wp-content\/uploads\/2022\/12\/logo-color.png","width":1000,"height":483,"caption":"PureWater"},"image":{"@id":"https:\/\/purewater.pt\/en\/#\/schema\/logo\/image\/"},"sameAs":["https:\/\/www.facebook.com\/purewaterportugal\/","https:\/\/www.instagram.com\/purewater.pt\/"]}]}},"_links":{"self":[{"href":"https:\/\/purewater.pt\/en\/wp-json\/wp\/v2\/pages\/6063","targetHints":{"allow":["GET"]}}],"collection":[{"href":"https:\/\/purewater.pt\/en\/wp-json\/wp\/v2\/pages"}],"about":[{"href":"https:\/\/purewater.pt\/en\/wp-json\/wp\/v2\/types\/page"}],"author":[{"embeddable":true,"href":"https:\/\/purewater.pt\/en\/wp-json\/wp\/v2\/users\/1"}],"replies":[{"embeddable":true,"href":"https:\/\/purewater.pt\/en\/wp-json\/wp\/v2\/comments?post=6063"}],"version-history":[{"count":2,"href":"https:\/\/purewater.pt\/en\/wp-json\/wp\/v2\/pages\/6063\/revisions"}],"predecessor-version":[{"id":7348,"href":"https:\/\/purewater.pt\/en\/wp-json\/wp\/v2\/pages\/6063\/revisions\/7348"}],"wp:featuredmedia":[{"embeddable":true,"href":"https:\/\/purewater.pt\/en\/wp-json\/wp\/v2\/media\/6064"}],"wp:attachment":[{"href":"https:\/\/purewater.pt\/en\/wp-json\/wp\/v2\/media?parent=6063"}],"curies":[{"name":"wp","href":"https:\/\/api.w.org\/{rel}","templated":true}]}}